{"id":230235,"date":"2025-07-25T13:25:04","date_gmt":"2025-07-25T13:25:04","guid":{"rendered":"https:\/\/cccn.colegio-escribanos.org.ar\/?page_id=230235"},"modified":"2025-07-25T13:25:04","modified_gmt":"2025-07-25T13:25:04","slug":"presentacion-del-ciclo","status":"publish","type":"page","link":"https:\/\/cccn.colegio-escribanos.org.ar\/index.php\/presentacion-del-ciclo\/","title":{"rendered":"Presentaci\u00f3n del Ciclo"},"content":{"rendered":"<p>[et_pb_section fb_built=\u00bb1&#8243; custom_padding_last_edited=\u00bbon|desktop\u00bb _builder_version=\u00bb4.27.4&#8243; custom_margin_tablet=\u00bb\u00bb custom_margin_phone=\u00bb\u00bb custom_margin_last_edited=\u00bbon|phone\u00bb custom_padding=\u00bb0px||0px||true|false\u00bb custom_padding_tablet=\u00bb0px||0px||true|false\u00bb custom_padding_phone=\u00bb20px||20px||true|false\u00bb locked=\u00bboff\u00bb global_colors_info=\u00bb{}\u00bb][et_pb_row _builder_version=\u00bb4.27.4&#8243; _module_preset=\u00bbdefault\u00bb global_colors_info=\u00bb{}\u00bb][et_pb_column type=\u00bb4_4&#8243; _builder_version=\u00bb4.27.4&#8243; _module_preset=\u00bbdefault\u00bb global_colors_info=\u00bb{}\u00bb][et_pb_text _builder_version=\u00bb4.27.4&#8243; text_font=\u00bbFrank Ruhl Libre||||||||\u00bb text_text_color=\u00bb#000000&#8243; text_font_size=\u00bb15px\u00bb header_text_color=\u00bb#aa2c24&#8243; header_font_size=\u00bb49px\u00bb header_2_text_color=\u00bb#aa2c24&#8243; header_2_font_size=\u00bb34px\u00bb header_5_font_size=\u00bb20px\u00bb text_orientation=\u00bbcenter\u00bb custom_margin=\u00bb-6px||||false|false\u00bb custom_margin_tablet=\u00bb-13px||||false|false\u00bb custom_margin_phone=\u00bb-13px||||false|false\u00bb custom_margin_last_edited=\u00bbon|phone\u00bb text_line_height_tablet=\u00bb\u00bb text_line_height_phone=\u00bb1.8em\u00bb text_line_height_last_edited=\u00bbon|desktop\u00bb global_colors_info=\u00bb{}\u00bb text_line_height__hover_enabled=\u00bboff|desktop\u00bb]<\/p>\n<h1 style=\"text-align: center;\">Ciclo:<br \/>10 a\u00f1os del C\u00f3digo Civil y Comercial de la Naci\u00f3n<\/h1>\n<h2>Teor\u00eda, pr\u00e1ctica y nuevos desaf\u00edos<\/h2>\n<p>[\/et_pb_text][et_pb_text _builder_version=\u00bb4.27.4&#8243; _module_preset=\u00bbdefault\u00bb link_font=\u00bb||||on||||\u00bb link_text_color=\u00bb#0d43e5&#8243; header_5_font_size=\u00bb24px\u00bb text_orientation=\u00bbcenter\u00bb custom_padding=\u00bb5px||20px||false|false\u00bb hover_enabled=\u00bb0&#8243; global_colors_info=\u00bb{}\u00bb text_font_size=\u00bb20px\u00bb sticky_enabled=\u00bb0&#8243; text_line_height=\u00bb1.8em\u00bb text_font=\u00bb|300|||||||\u00bb]<\/p>\n<p style=\"text-align: left;\"><span>El Colegio de Escribanos de la Ciudad de Buenos Aires tiene el honor de presentar un ciclo de capacitaci\u00f3n excepcional abierto a todos los profesionales del Derecho con motivo de cumplirse una d\u00e9cada de la entrada en vigencia del C\u00f3digo Civil y Comercial de la Naci\u00f3n. Este cuerpo legal ha marcado un hito trascendental en el ordenamiento jur\u00eddico argentino, consolid\u00e1ndose como una herramienta fundamental que ha redefinido las bases de nuestras relaciones sociales, econ\u00f3micas y familiares.<\/span><\/p>\n<p style=\"text-align: left;\"><span aria-label=\"\u00a0\" class=\"c-mrkdwn__br\" data-stringify-type=\"paragraph-break\"><\/span><span>A lo largo de estos diez a\u00f1os, el C\u00f3digo Civil y Comercial ha demostrado su vital importancia, adapt\u00e1ndose a los desaf\u00edos de una sociedad en constante evoluci\u00f3n. Su implementaci\u00f3n ha impulsado una profunda modernizaci\u00f3n en diversas \u00e1reas del derecho, desde el r\u00e9gimen de contratos y obligaciones hasta el derecho de familia y sucesiones, brindando mayor seguridad jur\u00eddica, agilidad en los procesos y una protecci\u00f3n m\u00e1s robusta de los derechos de los ciudadanos.<\/span><\/p>\n<p style=\"text-align: left;\"><span aria-label=\"\u00a0\" class=\"c-mrkdwn__br\" data-stringify-type=\"paragraph-break\"><\/span><span>Este ciclo de capacitaci\u00f3n se propone realizar un recorrido exhaustivo por los principales temas y reformas que ha introducido esta trascendental ley. A lo largo de nueve conferencias, destacadas personalidades del Derecho disertar\u00e1n en nuestra sede: el Ministro de la Corte Suprema de Justicia de la Naci\u00f3n, Dr. Ricardo Lorenzetti, la coautora del CCCN, doctora A\u00edda Kemelmajer, el titular de la IGJ y especialista en sociedades, Dr. Daniel V\u00edtolo, entre otros, compartir\u00e1n sus miradas, aportes y reflexiones sobre el impacto, los avances y los desaf\u00edos que plante\u00f3 el C\u00f3digo en la pr\u00e1ctica profesional y en la vida jur\u00eddica del pa\u00eds. Una oportunidad invaluable para profundizar en el conocimiento de una normativa que contin\u00faa siendo un pilar esencial en la vida cotidiana de todos los argentinos.<\/span><\/p>\n<p>[\/et_pb_text][\/et_pb_column][\/et_pb_row][\/et_pb_section][et_pb_section fb_built=\u00bb1&#8243; _builder_version=\u00bb4.27.4&#8243; _module_preset=\u00bbdefault\u00bb background_color=\u00bb#aa2c24&#8243; global_colors_info=\u00bb{}\u00bb][et_pb_row _builder_version=\u00bb4.27.4&#8243; _module_preset=\u00bbdefault\u00bb global_colors_info=\u00bb{}\u00bb][et_pb_column type=\u00bb4_4&#8243; _builder_version=\u00bb4.27.4&#8243; _module_preset=\u00bbdefault\u00bb global_colors_info=\u00bb{}\u00bb][et_pb_text _builder_version=\u00bb4.27.4&#8243; _module_preset=\u00bbdefault\u00bb header_2_font=\u00bb|600|||||||\u00bb header_2_text_color=\u00bb#FFFFFF\u00bb header_2_font_size=\u00bb32px\u00bb custom_margin=\u00bb||-20px||false|false\u00bb custom_padding=\u00bb0px||0px||false|false\u00bb global_colors_info=\u00bb{}\u00bb]<\/p>\n<h2 style=\"text-align: center;\">Acompa\u00f1an a al Ciclo<\/h2>\n<p>[\/et_pb_text][et_pb_image src=\u00bbhttp:\/\/cccn.colegio-escribanos.org.ar\/wp-content\/uploads\/2025\/07\/CCCN-2-Blanco.png\u00bb title_text=\u00bbCCCN-2-Blanco\u00bb align=\u00bbcenter\u00bb _builder_version=\u00bb4.27.4&#8243; _module_preset=\u00bbdefault\u00bb width=\u00bb23%\u00bb custom_margin=\u00bb0px||||false|false\u00bb custom_padding=\u00bb0px||||false|false\u00bb custom_padding_tablet=\u00bb0px||||false|false\u00bb custom_padding_phone=\u00bb0px||||false|false\u00bb custom_padding_last_edited=\u00bbon|desktop\u00bb global_colors_info=\u00bb{}\u00bb][\/et_pb_image][\/et_pb_column][\/et_pb_row][et_pb_row column_structure=\u00bb1_2,1_2&#8243; _builder_version=\u00bb4.27.4&#8243; _module_preset=\u00bbdefault\u00bb global_colors_info=\u00bb{}\u00bb][et_pb_column type=\u00bb1_2&#8243; _builder_version=\u00bb4.27.4&#8243; _module_preset=\u00bbdefault\u00bb global_colors_info=\u00bb{}\u00bb][et_pb_image src=\u00bbhttp:\/\/cccn.colegio-escribanos.org.ar\/wp-content\/uploads\/2025\/07\/Marca_Boldt_impresores_Blanco_sTranspar-scaled.png\u00bb title_text=\u00bbMarca_Boldt_impresores_Blanco_sTranspar\u00bb _builder_version=\u00bb4.27.4&#8243; _module_preset=\u00bbdefault\u00bb width=\u00bb43%\u00bb global_colors_info=\u00bb{}\u00bb][\/et_pb_image][\/et_pb_column][et_pb_column type=\u00bb1_2&#8243; _builder_version=\u00bb4.27.4&#8243; _module_preset=\u00bbdefault\u00bb global_colors_info=\u00bb{}\u00bb][\/et_pb_column][\/et_pb_row][\/et_pb_section]<\/p>\n","protected":false},"excerpt":{"rendered":"<p>Ciclo:10 a\u00f1os del C\u00f3digo Civil y Comercial de la Naci\u00f3n Teor\u00eda, pr\u00e1ctica y nuevos desaf\u00edosEl Colegio de Escribanos de la Ciudad de Buenos Aires tiene el honor de presentar un ciclo de capacitaci\u00f3n excepcional abierto a todos los profesionales del Derecho con motivo de cumplirse una d\u00e9cada de la entrada en vigencia del C\u00f3digo Civil [&hellip;]<\/p>\n","protected":false},"author":1,"featured_media":0,"parent":0,"menu_order":0,"comment_status":"closed","ping_status":"closed","template":"","meta":{"_et_pb_use_builder":"on","_et_pb_old_content":"","_et_gb_content_width":"","jetpack_post_was_ever_published":false,"footnotes":""},"class_list":["post-230235","page","type-page","status-publish","hentry"],"jetpack_sharing_enabled":true,"jetpack_shortlink":"https:\/\/wp.me\/P6FUNa-XTt","_links":{"self":[{"href":"https:\/\/cccn.colegio-escribanos.org.ar\/index.php\/wp-json\/wp\/v2\/pages\/230235","targetHints":{"allow":["GET"]}}],"collection":[{"href":"https:\/\/cccn.colegio-escribanos.org.ar\/index.php\/wp-json\/wp\/v2\/pages"}],"about":[{"href":"https:\/\/cccn.colegio-escribanos.org.ar\/index.php\/wp-json\/wp\/v2\/types\/page"}],"author":[{"embeddable":true,"href":"https:\/\/cccn.colegio-escribanos.org.ar\/index.php\/wp-json\/wp\/v2\/users\/1"}],"replies":[{"embeddable":true,"href":"https:\/\/cccn.colegio-escribanos.org.ar\/index.php\/wp-json\/wp\/v2\/comments?post=230235"}],"version-history":[{"count":3,"href":"https:\/\/cccn.colegio-escribanos.org.ar\/index.php\/wp-json\/wp\/v2\/pages\/230235\/revisions"}],"predecessor-version":[{"id":230238,"href":"https:\/\/cccn.colegio-escribanos.org.ar\/index.php\/wp-json\/wp\/v2\/pages\/230235\/revisions\/230238"}],"wp:attachment":[{"href":"https:\/\/cccn.colegio-escribanos.org.ar\/index.php\/wp-json\/wp\/v2\/media?parent=230235"}],"curies":[{"name":"wp","href":"https:\/\/api.w.org\/{rel}","templated":true}]}}