{"id":230113,"date":"2025-07-17T17:32:32","date_gmt":"2025-07-17T17:32:32","guid":{"rendered":"https:\/\/cccn.colegio-escribanos.org.ar\/?page_id=230113"},"modified":"2025-08-04T12:29:06","modified_gmt":"2025-08-04T12:29:06","slug":"pautas-para-la-funcion-notarial","status":"publish","type":"page","link":"https:\/\/cccn.colegio-escribanos.org.ar\/index.php\/pautas-para-la-funcion-notarial\/","title":{"rendered":"Pautas para la funci\u00f3n notarial"},"content":{"rendered":"<p>[et_pb_section fb_built=\u00bb1&#8243; _builder_version=\u00bb4.27.4&#8243; _module_preset=\u00bbdefault\u00bb custom_padding=\u00bb||6px|||\u00bb global_colors_info=\u00bb{}\u00bb][et_pb_row column_structure=\u00bb1_4,3_4&#8243; _builder_version=\u00bb4.27.4&#8243; _module_preset=\u00bbdefault\u00bb background_color=\u00bb#0b73a0&#8243; background_enable_image=\u00bboff\u00bb custom_margin=\u00bb|auto|0px|auto||\u00bb global_colors_info=\u00bb{}\u00bb][et_pb_column type=\u00bb1_4&#8243; _builder_version=\u00bb4.27.4&#8243; _module_preset=\u00bbdefault\u00bb global_colors_info=\u00bb{}\u00bb][et_pb_image src=\u00bbhttp:\/\/cccn.colegio-escribanos.org.ar\/wp-content\/uploads\/2015\/08\/Portada-Codigo_Civil_Comentado_Tomo-2.jpg\u00bb title_text=\u00bbPortada-Codigo_Civil_Comentado_Tomo-2&#8243; align_tablet=\u00bb\u00bb align_phone=\u00bbcenter\u00bb align_last_edited=\u00bbon|phone\u00bb _builder_version=\u00bb4.27.4&#8243; _module_preset=\u00bbdefault\u00bb width=\u00bb50%\u00bb module_alignment=\u00bbcenter\u00bb global_colors_info=\u00bb{}\u00bb][\/et_pb_image][\/et_pb_column][et_pb_column type=\u00bb3_4&#8243; _builder_version=\u00bb4.27.4&#8243; _module_preset=\u00bbdefault\u00bb global_colors_info=\u00bb{}\u00bb][et_pb_text _builder_version=\u00bb4.27.4&#8243; _module_preset=\u00bbdefault\u00bb header_2_text_color=\u00bb#FFFFFF\u00bb header_2_font_size=\u00bb34px\u00bb header_3_text_color=\u00bb#FFFFFF\u00bb custom_margin=\u00bb51px|||||\u00bb custom_margin_tablet=\u00bb51px|||||\u00bb custom_margin_phone=\u00bb0px||||false|false\u00bb custom_margin_last_edited=\u00bbon|phone\u00bb custom_padding_tablet=\u00bb\u00bb custom_padding_phone=\u00bb|||15px|false|false\u00bb custom_padding_last_edited=\u00bbon|phone\u00bb text_orientation_tablet=\u00bb\u00bb text_orientation_phone=\u00bbcenter\u00bb text_orientation_last_edited=\u00bbon|phone\u00bb global_colors_info=\u00bb{}\u00bb]<\/p>\n<h2 style=\"text-align: left;\">Pautas para la funci\u00f3n notarial<br \/>publicadas en 2015<\/h2>\n<p>[\/et_pb_text][\/et_pb_column][\/et_pb_row][\/et_pb_section][et_pb_section fb_built=\u00bb1&#8243; _builder_version=\u00bb4.27.4&#8243; _module_preset=\u00bbdefault\u00bb custom_padding=\u00bb4px|||||\u00bb global_colors_info=\u00bb{}\u00bb][et_pb_row column_structure=\u00bb1_4,1_4,1_4,1_4&#8243; _builder_version=\u00bb4.27.4&#8243; _module_preset=\u00bbdefault\u00bb global_colors_info=\u00bb{}\u00bb][et_pb_column type=\u00bb1_4&#8243; _builder_version=\u00bb4.27.4&#8243; _module_preset=\u00bbdefault\u00bb global_colors_info=\u00bb{}\u00bb][et_pb_image src=\u00bbhttp:\/\/cccn.colegio-escribanos.org.ar\/wp-content\/uploads\/2015\/08\/boton_pleno_union.png\u00bb title_text=\u00bbboton_pleno_union\u00bb url=\u00bbhttps:\/\/cccn.colegio-escribanos.org.ar\/index.php\/2015\/08\/06\/uniones-convivenciales\/\u00bb _builder_version=\u00bb4.27.4&#8243; _module_preset=\u00bbdefault\u00bb global_colors_info=\u00bb{}\u00bb][\/et_pb_image][et_pb_text _builder_version=\u00bb4.27.4&#8243; _module_preset=\u00bbdefault\u00bb global_colors_info=\u00bb{}\u00bb]<\/p>\n<h3 class=\"entry-title\"><a title=\"Uniones convivenciales\" href=\"https:\/\/cccn.colegio-escribanos.org.ar\/index.php\/2015\/08\/06\/uniones-convivenciales\/\">Uniones convivenciales<\/a><\/h3>\n<p>[\/et_pb_text][\/et_pb_column][et_pb_column type=\u00bb1_4&#8243; _builder_version=\u00bb4.27.4&#8243; _module_preset=\u00bbdefault\u00bb global_colors_info=\u00bb{}\u00bb][et_pb_image src=\u00bbhttp:\/\/cccn.colegio-escribanos.org.ar\/wp-content\/uploads\/2015\/08\/boton_prop-horizontal.png\u00bb title_text=\u00bbboton_prop-horizontal\u00bb url=\u00bbhttps:\/\/cccn.colegio-escribanos.org.ar\/index.php\/2015\/08\/06\/propiedad-horizontal\/\u00bb _builder_version=\u00bb4.27.4&#8243; _module_preset=\u00bbdefault\u00bb global_colors_info=\u00bb{}\u00bb][\/et_pb_image][et_pb_text _builder_version=\u00bb4.27.4&#8243; _module_preset=\u00bbdefault\u00bb global_colors_info=\u00bb{}\u00bb]<\/p>\n<h3 class=\"entry-title\"><a title=\"Propiedad horizontal\" href=\"https:\/\/cccn.colegio-escribanos.org.ar\/index.php\/2015\/08\/06\/propiedad-horizontal\/\">Propiedad horizontal<\/a><\/h3>\n<p>[\/et_pb_text][\/et_pb_column][et_pb_column type=\u00bb1_4&#8243; _builder_version=\u00bb4.27.4&#8243; _module_preset=\u00bbdefault\u00bb global_colors_info=\u00bb{}\u00bb][et_pb_image src=\u00bbhttp:\/\/cccn.colegio-escribanos.org.ar\/wp-content\/uploads\/2015\/08\/boton_pleno_asentimiento.jpg\u00bb title_text=\u00bbboton_pleno_asentimiento\u00bb url=\u00bbhttps:\/\/cccn.colegio-escribanos.org.ar\/index.php\/2015\/08\/06\/asentimiento-conyugal\/\u00bb _builder_version=\u00bb4.27.4&#8243; _module_preset=\u00bbdefault\u00bb global_colors_info=\u00bb{}\u00bb][\/et_pb_image][et_pb_text _builder_version=\u00bb4.27.4&#8243; _module_preset=\u00bbdefault\u00bb global_colors_info=\u00bb{}\u00bb]<\/p>\n<h3 class=\"entry-title\"><a title=\"Asentimiento conyugal\" href=\"https:\/\/cccn.colegio-escribanos.org.ar\/index.php\/2015\/08\/06\/asentimiento-conyugal\/\">Asentimiento conyugal<\/a><\/h3>\n<p>[\/et_pb_text][\/et_pb_column][et_pb_column type=\u00bb1_4&#8243; _builder_version=\u00bb4.27.4&#8243; _module_preset=\u00bbdefault\u00bb global_colors_info=\u00bb{}\u00bb][et_pb_image src=\u00bbhttp:\/\/cccn.colegio-escribanos.org.ar\/wp-content\/uploads\/2015\/08\/boton-testamentos.png\u00bb title_text=\u00bbboton-testamentos\u00bb url=\u00bbhttps:\/\/cccn.colegio-escribanos.org.ar\/index.php\/2015\/08\/06\/testamentos\/\u00bb _builder_version=\u00bb4.27.4&#8243; _module_preset=\u00bbdefault\u00bb global_colors_info=\u00bb{}\u00bb][\/et_pb_image][et_pb_text _builder_version=\u00bb4.27.4&#8243; _module_preset=\u00bbdefault\u00bb global_colors_info=\u00bb{}\u00bb]<\/p>\n<h3 class=\"entry-title\"><a title=\"Testamentos\" href=\"https:\/\/cccn.colegio-escribanos.org.ar\/index.php\/2015\/08\/06\/testamentos\/\">Testamentos<\/a><\/h3>\n<p>[\/et_pb_text][\/et_pb_column][\/et_pb_row][et_pb_row column_structure=\u00bb1_4,1_4,1_4,1_4&#8243; _builder_version=\u00bb4.27.4&#8243; _module_preset=\u00bbdefault\u00bb global_colors_info=\u00bb{}\u00bb][et_pb_column type=\u00bb1_4&#8243; _builder_version=\u00bb4.27.4&#8243; _module_preset=\u00bbdefault\u00bb global_colors_info=\u00bb{}\u00bb][et_pb_image src=\u00bbhttp:\/\/cccn.colegio-escribanos.org.ar\/wp-content\/uploads\/2025\/07\/boton-incompatibilidades2.png\u00bb title_text=\u00bbboton-incompatibilidades2&#8243; url=\u00bbhttps:\/\/cccn.colegio-escribanos.org.ar\/index.php\/2015\/08\/04\/post-1\/\u00bb _builder_version=\u00bb4.27.4&#8243; _module_preset=\u00bbdefault\u00bb global_colors_info=\u00bb{}\u00bb][\/et_pb_image][et_pb_text _builder_version=\u00bb4.27.4&#8243; _module_preset=\u00bbdefault\u00bb global_colors_info=\u00bb{}\u00bb]<\/p>\n<h3 class=\"entry-title\"><a title=\"Incompatibilidad del notario\" href=\"https:\/\/cccn.colegio-escribanos.org.ar\/index.php\/2015\/08\/04\/post-1\/\">Incompatibilidad del notario<\/a><\/h3>\n<p>[\/et_pb_text][\/et_pb_column][et_pb_column type=\u00bb1_4&#8243; _builder_version=\u00bb4.27.4&#8243; _module_preset=\u00bbdefault\u00bb global_colors_info=\u00bb{}\u00bb][et_pb_image src=\u00bbhttp:\/\/cccn.colegio-escribanos.org.ar\/wp-content\/uploads\/2015\/08\/boton-monedas.png\u00bb title_text=\u00bbboton-monedas\u00bb url=\u00bbhttps:\/\/cccn.colegio-escribanos.org.ar\/index.php\/2015\/08\/06\/obligaciones-en-moneda-extranjera\/\u00bb _builder_version=\u00bb4.27.4&#8243; _module_preset=\u00bbdefault\u00bb global_colors_info=\u00bb{}\u00bb][\/et_pb_image][et_pb_text _builder_version=\u00bb4.27.4&#8243; _module_preset=\u00bbdefault\u00bb global_colors_info=\u00bb{}\u00bb]<\/p>\n<h3 class=\"entry-title\"><a title=\"Obligaciones en moneda extranjera\" href=\"https:\/\/cccn.colegio-escribanos.org.ar\/index.php\/2015\/08\/06\/obligaciones-en-moneda-extranjera\/\">Obligaciones en moneda extranjera<\/a><\/h3>\n<p>[\/et_pb_text][\/et_pb_column][et_pb_column type=\u00bb1_4&#8243; _builder_version=\u00bb4.27.4&#8243; _module_preset=\u00bbdefault\u00bb global_colors_info=\u00bb{}\u00bb][et_pb_image src=\u00bbhttp:\/\/cccn.colegio-escribanos.org.ar\/wp-content\/uploads\/2015\/08\/boton_requisitos.png\u00bb title_text=\u00bbboton_requisitos\u00bb url=\u00bbhttps:\/\/cccn.colegio-escribanos.org.ar\/index.php\/2015\/08\/06\/rquisitos-de-las-escrituras\/\u00bb _builder_version=\u00bb4.27.4&#8243; _module_preset=\u00bbdefault\u00bb global_colors_info=\u00bb{}\u00bb][\/et_pb_image][et_pb_text _builder_version=\u00bb4.27.4&#8243; _module_preset=\u00bbdefault\u00bb global_colors_info=\u00bb{}\u00bb]<\/p>\n<h3 class=\"entry-title\"><a title=\"Requisitos de las escrituras\" href=\"https:\/\/cccn.colegio-escribanos.org.ar\/index.php\/2015\/08\/06\/rquisitos-de-las-escrituras\/\">Requisitos de las escrituras<\/a><\/h3>\n<p>[\/et_pb_text][\/et_pb_column][et_pb_column type=\u00bb1_4&#8243; _builder_version=\u00bb4.27.4&#8243; _module_preset=\u00bbdefault\u00bb global_colors_info=\u00bb{}\u00bb][et_pb_image src=\u00bbhttp:\/\/cccn.colegio-escribanos.org.ar\/wp-content\/uploads\/2015\/08\/boton-clubes.png\u00bb title_text=\u00bbboton-clubes\u00bb url=\u00bbhttps:\/\/cccn.colegio-escribanos.org.ar\/index.php\/2015\/08\/06\/clubes-de-campo\/\u00bb _builder_version=\u00bb4.27.4&#8243; _module_preset=\u00bbdefault\u00bb global_colors_info=\u00bb{}\u00bb][\/et_pb_image][et_pb_text _builder_version=\u00bb4.27.4&#8243; _module_preset=\u00bbdefault\u00bb global_colors_info=\u00bb{}\u00bb]<\/p>\n<h3 class=\"entry-title\"><a title=\"Clubes de campo\" href=\"https:\/\/cccn.colegio-escribanos.org.ar\/index.php\/2015\/08\/06\/clubes-de-campo\/\">Clubes de campo<\/a><\/h3>\n<p>[\/et_pb_text][\/et_pb_column][\/et_pb_row][et_pb_row column_structure=\u00bb1_4,1_4,1_4,1_4&#8243; _builder_version=\u00bb4.27.4&#8243; _module_preset=\u00bbdefault\u00bb global_colors_info=\u00bb{}\u00bb][et_pb_column type=\u00bb1_4&#8243; _builder_version=\u00bb4.27.4&#8243; _module_preset=\u00bbdefault\u00bb global_colors_info=\u00bb{}\u00bb][et_pb_image src=\u00bbhttp:\/\/cccn.colegio-escribanos.org.ar\/wp-content\/uploads\/2015\/08\/boton_pleno-proteccion.png\u00bb title_text=\u00bbboton_pleno-proteccion\u00bb url=\u00bbhttps:\/\/cccn.colegio-escribanos.org.ar\/index.php\/2015\/08\/06\/proteccion-de-la-vivienda-bien-de-familia\/\u00bb _builder_version=\u00bb4.27.4&#8243; _module_preset=\u00bbdefault\u00bb global_colors_info=\u00bb{}\u00bb][\/et_pb_image][et_pb_text _builder_version=\u00bb4.27.4&#8243; _module_preset=\u00bbdefault\u00bb global_colors_info=\u00bb{}\u00bb]<\/p>\n<h3 class=\"entry-title\"><a title=\"Protecci\u00f3n de la vivienda (Bien de familia)\" href=\"https:\/\/cccn.colegio-escribanos.org.ar\/index.php\/2015\/08\/06\/proteccion-de-la-vivienda-bien-de-familia\/\">Protecci\u00f3n de la vivienda (Bien de familia)<\/a><\/h3>\n<p>[\/et_pb_text][\/et_pb_column][et_pb_column type=\u00bb1_4&#8243; _builder_version=\u00bb4.27.4&#8243; _module_preset=\u00bbdefault\u00bb global_colors_info=\u00bb{}\u00bb][et_pb_image src=\u00bbhttp:\/\/cccn.colegio-escribanos.org.ar\/wp-content\/uploads\/2015\/08\/boton-cambio_regimen.png\u00bb title_text=\u00bbboton-cambio_regimen\u00bb url=\u00bbhttps:\/\/cccn.colegio-escribanos.org.ar\/index.php\/2015\/08\/06\/cambio-de-regimen-conyugal\/\u00bb _builder_version=\u00bb4.27.4&#8243; _module_preset=\u00bbdefault\u00bb global_colors_info=\u00bb{}\u00bb][\/et_pb_image][et_pb_text _builder_version=\u00bb4.27.4&#8243; _module_preset=\u00bbdefault\u00bb global_colors_info=\u00bb{}\u00bb]<\/p>\n<h3 class=\"entry-title\"><a title=\"Cambio de r\u00e9gimen conyugal\" href=\"https:\/\/cccn.colegio-escribanos.org.ar\/index.php\/2015\/08\/06\/cambio-de-regimen-conyugal\/\">Cambio de r\u00e9gimen conyugal<\/a><\/h3>\n<p>[\/et_pb_text][\/et_pb_column][et_pb_column type=\u00bb1_4&#8243; _builder_version=\u00bb4.27.4&#8243; _module_preset=\u00bbdefault\u00bb global_colors_info=\u00bb{}\u00bb][et_pb_image src=\u00bbhttp:\/\/cccn.colegio-escribanos.org.ar\/wp-content\/uploads\/2015\/08\/boton_pleno-autorizaciones.png\u00bb title_text=\u00bbboton_pleno-autorizaciones\u00bb url=\u00bbhttps:\/\/cccn.colegio-escribanos.org.ar\/index.php\/2015\/08\/06\/autorizacion-a-menores-para-viajar-afuera-del-pais\/\u00bb _builder_version=\u00bb4.27.4&#8243; _module_preset=\u00bbdefault\u00bb global_colors_info=\u00bb{}\u00bb][\/et_pb_image][et_pb_text _builder_version=\u00bb4.27.4&#8243; _module_preset=\u00bbdefault\u00bb global_colors_info=\u00bb{}\u00bb]<\/p>\n<h3 class=\"entry-title\"><a title=\"Autorizaci\u00f3n a menores para viajar afuera del pa\u00eds\" href=\"https:\/\/cccn.colegio-escribanos.org.ar\/index.php\/2015\/08\/06\/autorizacion-a-menores-para-viajar-afuera-del-pais\/\">Autorizaci\u00f3n a menores para viajar afuera del pa\u00eds<\/a><\/h3>\n<p>[\/et_pb_text][\/et_pb_column][et_pb_column type=\u00bb1_4&#8243; _builder_version=\u00bb4.27.4&#8243; _module_preset=\u00bbdefault\u00bb global_colors_info=\u00bb{}\u00bb][et_pb_image src=\u00bbhttp:\/\/cccn.colegio-escribanos.org.ar\/wp-content\/uploads\/2015\/08\/boton-poder.png\u00bb title_text=\u00bbboton-poder\u00bb url=\u00bbhttps:\/\/cccn.colegio-escribanos.org.ar\/index.php\/2015\/08\/06\/poder-irrevocable\/\u00bb _builder_version=\u00bb4.27.4&#8243; _module_preset=\u00bbdefault\u00bb global_colors_info=\u00bb{}\u00bb][\/et_pb_image][et_pb_text _builder_version=\u00bb4.27.4&#8243; _module_preset=\u00bbdefault\u00bb global_colors_info=\u00bb{}\u00bb]<\/p>\n<h3 class=\"entry-title\"><a title=\"Poder irrevocable\" href=\"https:\/\/cccn.colegio-escribanos.org.ar\/index.php\/2015\/08\/06\/poder-irrevocable\/\">Poder irrevocable<\/a><\/h3>\n<p>[\/et_pb_text][\/et_pb_column][\/et_pb_row][et_pb_row column_structure=\u00bb1_4,1_4,1_4,1_4&#8243; _builder_version=\u00bb4.27.4&#8243; _module_preset=\u00bbdefault\u00bb global_colors_info=\u00bb{}\u00bb][et_pb_column type=\u00bb1_4&#8243; _builder_version=\u00bb4.27.4&#8243; _module_preset=\u00bbdefault\u00bb global_colors_info=\u00bb{}\u00bb][et_pb_image src=\u00bbhttp:\/\/cccn.colegio-escribanos.org.ar\/wp-content\/uploads\/2015\/08\/Boton-pleno_donaciones.png\u00bb title_text=\u00bbBoton-pleno_donaciones\u00bb url=\u00bbhttps:\/\/cccn.colegio-escribanos.org.ar\/index.php\/2015\/08\/06\/donaciones\/\u00bb _builder_version=\u00bb4.27.4&#8243; _module_preset=\u00bbdefault\u00bb global_colors_info=\u00bb{}\u00bb][\/et_pb_image][et_pb_text _builder_version=\u00bb4.27.4&#8243; _module_preset=\u00bbdefault\u00bb global_colors_info=\u00bb{}\u00bb]<\/p>\n<h3 class=\"entry-title\"><a title=\"Donaciones\" href=\"https:\/\/cccn.colegio-escribanos.org.ar\/index.php\/2015\/08\/06\/donaciones\/\">Donaciones<\/a><\/h3>\n<p>[\/et_pb_text][\/et_pb_column][et_pb_column type=\u00bb1_4&#8243; _builder_version=\u00bb4.27.4&#8243; _module_preset=\u00bbdefault\u00bb global_colors_info=\u00bb{}\u00bb][et_pb_image src=\u00bbhttp:\/\/cccn.colegio-escribanos.org.ar\/wp-content\/uploads\/2015\/08\/boton-menores_16.png\u00bb title_text=\u00bbboton-menores_16&#8243; url=\u00bbhttps:\/\/cccn.colegio-escribanos.org.ar\/index.php\/2015\/08\/06\/menores-entre-16-y-18-anos\/\u00bb _builder_version=\u00bb4.27.4&#8243; _module_preset=\u00bbdefault\u00bb global_colors_info=\u00bb{}\u00bb][\/et_pb_image][et_pb_text _builder_version=\u00bb4.27.4&#8243; _module_preset=\u00bbdefault\u00bb global_colors_info=\u00bb{}\u00bb]<\/p>\n<h3 class=\"entry-title\"><a title=\"Menores entre 16 y 18 a\u00f1os\" href=\"https:\/\/cccn.colegio-escribanos.org.ar\/index.php\/2015\/08\/06\/menores-entre-16-y-18-anos\/\">Menores entre 16 y 18 a\u00f1os<\/a><\/h3>\n<p>[\/et_pb_text][\/et_pb_column][et_pb_column type=\u00bb1_4&#8243; _builder_version=\u00bb4.27.4&#8243; _module_preset=\u00bbdefault\u00bb global_colors_info=\u00bb{}\u00bb][\/et_pb_column][et_pb_column type=\u00bb1_4&#8243; _builder_version=\u00bb4.27.4&#8243; _module_preset=\u00bbdefault\u00bb global_colors_info=\u00bb{}\u00bb][\/et_pb_column][\/et_pb_row][\/et_pb_section]<\/p>\n","protected":false},"excerpt":{"rendered":"<p>Pautas para la funci\u00f3n notarialpublicadas en 2015Uniones convivencialesPropiedad horizontalAsentimiento conyugalTestamentosIncompatibilidad del notarioObligaciones en moneda extranjeraRequisitos de las escriturasClubes de campoProtecci\u00f3n de la vivienda (Bien de familia)Cambio de r\u00e9gimen conyugalAutorizaci\u00f3n a menores para viajar afuera del pa\u00edsPoder irrevocableDonacionesMenores entre 16 y 18 a\u00f1os<\/p>\n","protected":false},"author":1,"featured_media":0,"parent":0,"menu_order":0,"comment_status":"closed","ping_status":"closed","template":"","meta":{"_et_pb_use_builder":"on","_et_pb_old_content":"","_et_gb_content_width":"","jetpack_post_was_ever_published":false,"footnotes":""},"class_list":["post-230113","page","type-page","status-publish","hentry"],"jetpack_sharing_enabled":true,"jetpack_shortlink":"https:\/\/wp.me\/P6FUNa-XRv","_links":{"self":[{"href":"https:\/\/cccn.colegio-escribanos.org.ar\/index.php\/wp-json\/wp\/v2\/pages\/230113","targetHints":{"allow":["GET"]}}],"collection":[{"href":"https:\/\/cccn.colegio-escribanos.org.ar\/index.php\/wp-json\/wp\/v2\/pages"}],"about":[{"href":"https:\/\/cccn.colegio-escribanos.org.ar\/index.php\/wp-json\/wp\/v2\/types\/page"}],"author":[{"embeddable":true,"href":"https:\/\/cccn.colegio-escribanos.org.ar\/index.php\/wp-json\/wp\/v2\/users\/1"}],"replies":[{"embeddable":true,"href":"https:\/\/cccn.colegio-escribanos.org.ar\/index.php\/wp-json\/wp\/v2\/comments?post=230113"}],"version-history":[{"count":30,"href":"https:\/\/cccn.colegio-escribanos.org.ar\/index.php\/wp-json\/wp\/v2\/pages\/230113\/revisions"}],"predecessor-version":[{"id":230279,"href":"https:\/\/cccn.colegio-escribanos.org.ar\/index.php\/wp-json\/wp\/v2\/pages\/230113\/revisions\/230279"}],"wp:attachment":[{"href":"https:\/\/cccn.colegio-escribanos.org.ar\/index.php\/wp-json\/wp\/v2\/media?parent=230113"}],"curies":[{"name":"wp","href":"https:\/\/api.w.org\/{rel}","templated":true}]}}