{"id":1400,"date":"2015-08-11T18:29:47","date_gmt":"2015-08-11T18:29:47","guid":{"rendered":"http:\/\/cw000550.ferozo.com\/?page_id=1400"},"modified":"2015-08-11T18:29:47","modified_gmt":"2015-08-11T18:29:47","slug":"acerca-de-este-sitio","status":"publish","type":"page","link":"https:\/\/cccn.colegio-escribanos.org.ar\/index.php\/acerca-de-este-sitio\/","title":{"rendered":"Acerca de este sitio"},"content":{"rendered":"<p>Los elementos publicados en este sitio buscan poner a disposici\u00f3n de los escribanos la mayor cantidad de herramientas para el desempe\u00f1o de la funci\u00f3n notarial, ante la vigencia del C\u00f3digo Civil y Comercial de la Naci\u00f3n.<br \/>\nLas opiniones que se vierten no son necesariamente las posturas\u00a0oficiales del Colegio<\/p>\n","protected":false},"excerpt":{"rendered":"<p>Los elementos publicados en este sitio buscan poner a disposici\u00f3n de los escribanos la mayor cantidad de herramientas para el desempe\u00f1o de la funci\u00f3n notarial, ante la vigencia del C\u00f3digo Civil y Comercial de la Naci\u00f3n. Las opiniones que se vierten no son necesariamente las posturas\u00a0oficiales del Colegio<\/p>\n","protected":false},"author":2,"featured_media":0,"parent":0,"menu_order":0,"comment_status":"open","ping_status":"open","template":"","meta":{"_et_pb_use_builder":"","_et_pb_old_content":"","_et_gb_content_width":"","jetpack_post_was_ever_published":false,"footnotes":""},"class_list":["post-1400","page","type-page","status-publish","hentry"],"jetpack_sharing_enabled":true,"jetpack_shortlink":"https:\/\/wp.me\/P6FUNa-mA","_links":{"self":[{"href":"https:\/\/cccn.colegio-escribanos.org.ar\/index.php\/wp-json\/wp\/v2\/pages\/1400","targetHints":{"allow":["GET"]}}],"collection":[{"href":"https:\/\/cccn.colegio-escribanos.org.ar\/index.php\/wp-json\/wp\/v2\/pages"}],"about":[{"href":"https:\/\/cccn.colegio-escribanos.org.ar\/index.php\/wp-json\/wp\/v2\/types\/page"}],"author":[{"embeddable":true,"href":"https:\/\/cccn.colegio-escribanos.org.ar\/index.php\/wp-json\/wp\/v2\/users\/2"}],"replies":[{"embeddable":true,"href":"https:\/\/cccn.colegio-escribanos.org.ar\/index.php\/wp-json\/wp\/v2\/comments?post=1400"}],"version-history":[{"count":0,"href":"https:\/\/cccn.colegio-escribanos.org.ar\/index.php\/wp-json\/wp\/v2\/pages\/1400\/revisions"}],"wp:attachment":[{"href":"https:\/\/cccn.colegio-escribanos.org.ar\/index.php\/wp-json\/wp\/v2\/media?parent=1400"}],"curies":[{"name":"wp","href":"https:\/\/api.w.org\/{rel}","templated":true}]}}